{"id":5662,"date":"2020-10-26T14:26:05","date_gmt":"2020-10-26T11:26:05","guid":{"rendered":"https:\/\/www.familiecamping.dk\/praktisch\/preise\/priser-leje-campingvogn\/"},"modified":"2024-02-01T17:33:35","modified_gmt":"2024-02-01T15:33:35","slug":"wohnwagenvermietung","status":"publish","type":"page","link":"https:\/\/www.familiecamping.dk\/de\/praktisch\/preise\/wohnwagenvermietung\/","title":{"rendered":"Mietpreise f\u00fcr Wohnwagen"},"content":{"rendered":"","protected":false},"excerpt":{"rendered":"","protected":false},"author":3,"featured_media":0,"parent":5590,"menu_order":0,"comment_status":"closed","ping_status":"closed","template":"","meta":{"_acf_changed":false,"iawp_total_views":448,"footnotes":""},"class_list":["post-5662","page","type-page","status-publish","hentry"],"acf":[],"yoast_head":"<!-- This site is optimized with the Yoast SEO Premium plugin v27.5 (Yoast SEO v27.5) - https:\/\/yoast.com\/product\/yoast-seo-premium-wordpress\/ -->\n<title>Mietpreise f\u00fcr Wohnwagen - Sannes Familiecamping<\/title>\n<meta name=\"description\" content=\"Preise f\u00fcr die Anmietung eines Wohnwagens auf dem Campingplatz Sannes Familiecamping\" \/>\n<meta name=\"robots\" content=\"index, follow, max-snippet:-1, max-image-preview:large, max-video-preview:-1\" \/>\n<link rel=\"canonical\" href=\"https:\/\/www.familiecamping.dk\/de\/praktisch\/preise\/wohnwagenvermietung\/\" \/>\n<meta property=\"og:locale\" content=\"de_DE\" \/>\n<meta property=\"og:type\" content=\"article\" \/>\n<meta property=\"og:title\" content=\"Priser - Leje af campingvogn p\u00e5 campingpladsen - Sannes Familiecamping\" \/>\n<meta property=\"og:description\" content=\"Prisliste for leje af campingvogn p\u00e5 campingpladsen hos Sannes Familiecamping ved Gudhjem p\u00e5 Bornholm - gratis adgang til badeland, legeplads og trampoliner.\" \/>\n<meta property=\"og:url\" content=\"https:\/\/www.familiecamping.dk\/de\/praktisch\/preise\/wohnwagenvermietung\/\" \/>\n<meta property=\"og:site_name\" content=\"Sannes Familiecamping\" \/>\n<meta property=\"article:publisher\" content=\"https:\/\/www.facebook.com\/sannes.familiecamping\/\" \/>\n<meta property=\"article:modified_time\" content=\"2024-02-01T15:33:35+00:00\" \/>\n<meta property=\"og:image\" content=\"https:\/\/www.familiecamping.dk\/wp-content\/uploads\/2020\/10\/weekend_img_2.jpg\" \/>\n\t<meta property=\"og:image:width\" content=\"952\" \/>\n\t<meta property=\"og:image:height\" content=\"800\" \/>\n\t<meta property=\"og:image:type\" content=\"image\/jpeg\" \/>\n<meta name=\"twitter:card\" content=\"summary_large_image\" \/>\n<meta name=\"twitter:title\" content=\"Priser - Leje af campingvogn p\u00e5 campingpladsen - Sannes Familiecamping\" \/>\n<meta name=\"twitter:description\" content=\"Prisliste for leje af campingvogn p\u00e5 campingpladsen hos Sannes Familiecamping ved Gudhjem p\u00e5 Bornholm - gratis adgang til badeland, legeplads og trampoliner.\" \/>\n<meta name=\"twitter:image\" content=\"https:\/\/www.familiecamping.dk\/wp-content\/uploads\/2020\/10\/weekend_img_2.jpg\" \/>\n<script type=\"application\/ld+json\" class=\"yoast-schema-graph\">{\"@context\":\"https:\\\/\\\/schema.org\",\"@graph\":[{\"@type\":\"WebPage\",\"@id\":\"https:\\\/\\\/www.familiecamping.dk\\\/de\\\/praktisch\\\/preise\\\/wohnwagenvermietung\\\/\",\"url\":\"https:\\\/\\\/www.familiecamping.dk\\\/de\\\/praktisch\\\/preise\\\/wohnwagenvermietung\\\/\",\"name\":\"Mietpreise f\u00fcr Wohnwagen - Sannes Familiecamping\",\"isPartOf\":{\"@id\":\"https:\\\/\\\/www.familiecamping.dk\\\/de\\\/#website\"},\"datePublished\":\"2020-10-26T11:26:05+00:00\",\"dateModified\":\"2024-02-01T15:33:35+00:00\",\"description\":\"Preise f\u00fcr die Anmietung eines Wohnwagens auf dem Campingplatz Sannes Familiecamping\",\"breadcrumb\":{\"@id\":\"https:\\\/\\\/www.familiecamping.dk\\\/de\\\/praktisch\\\/preise\\\/wohnwagenvermietung\\\/#breadcrumb\"},\"inLanguage\":\"de-DE\",\"potentialAction\":[{\"@type\":\"ReadAction\",\"target\":[\"https:\\\/\\\/www.familiecamping.dk\\\/de\\\/praktisch\\\/preise\\\/wohnwagenvermietung\\\/\"]}]},{\"@type\":\"BreadcrumbList\",\"@id\":\"https:\\\/\\\/www.familiecamping.dk\\\/de\\\/praktisch\\\/preise\\\/wohnwagenvermietung\\\/#breadcrumb\",\"itemListElement\":[{\"@type\":\"ListItem\",\"position\":1,\"name\":\"Home\",\"item\":\"https:\\\/\\\/www.familiecamping.dk\\\/de\\\/\"},{\"@type\":\"ListItem\",\"position\":2,\"name\":\"Praktisch\",\"item\":\"https:\\\/\\\/www.familiecamping.dk\\\/de\\\/praktisch\\\/\"},{\"@type\":\"ListItem\",\"position\":3,\"name\":\"Preise\",\"item\":\"https:\\\/\\\/www.familiecamping.dk\\\/de\\\/praktisch\\\/preise\\\/\"},{\"@type\":\"ListItem\",\"position\":4,\"name\":\"Mietpreise f\u00fcr Wohnwagen\"}]},{\"@type\":\"WebSite\",\"@id\":\"https:\\\/\\\/www.familiecamping.dk\\\/de\\\/#website\",\"url\":\"https:\\\/\\\/www.familiecamping.dk\\\/de\\\/\",\"name\":\"Sannes Familiecamping\",\"description\":\"5-stjernet camping p\u00e5 Bornholm\",\"publisher\":{\"@id\":\"https:\\\/\\\/www.familiecamping.dk\\\/de\\\/#organization\"},\"potentialAction\":[{\"@type\":\"SearchAction\",\"target\":{\"@type\":\"EntryPoint\",\"urlTemplate\":\"https:\\\/\\\/www.familiecamping.dk\\\/de\\\/?s={search_term_string}\"},\"query-input\":{\"@type\":\"PropertyValueSpecification\",\"valueRequired\":true,\"valueName\":\"search_term_string\"}}],\"inLanguage\":\"de-DE\"},{\"@type\":\"Organization\",\"@id\":\"https:\\\/\\\/www.familiecamping.dk\\\/de\\\/#organization\",\"name\":\"Sannes Familiecamping\",\"url\":\"https:\\\/\\\/www.familiecamping.dk\\\/de\\\/\",\"logo\":{\"@type\":\"ImageObject\",\"inLanguage\":\"de-DE\",\"@id\":\"https:\\\/\\\/www.familiecamping.dk\\\/de\\\/#\\\/schema\\\/logo\\\/image\\\/\",\"url\":\"https:\\\/\\\/www.familiecamping.dk\\\/wp-content\\\/uploads\\\/2020\\\/12\\\/Sannes-Familiecamping-logo.png\",\"contentUrl\":\"https:\\\/\\\/www.familiecamping.dk\\\/wp-content\\\/uploads\\\/2020\\\/12\\\/Sannes-Familiecamping-logo.png\",\"width\":400,\"height\":162,\"caption\":\"Sannes Familiecamping\"},\"image\":{\"@id\":\"https:\\\/\\\/www.familiecamping.dk\\\/de\\\/#\\\/schema\\\/logo\\\/image\\\/\"},\"sameAs\":[\"https:\\\/\\\/www.facebook.com\\\/sannes.familiecamping\\\/\",\"https:\\\/\\\/www.instagram.com\\\/sannesfamiliecamping\\\/\",\"https:\\\/\\\/www.youtube.com\\\/channel\\\/UC-d7yvOm8P8LGGGTQmaOkdg\"]}]}<\/script>\n<!-- \/ Yoast SEO Premium plugin. -->","yoast_head_json":{"title":"Mietpreise f\u00fcr Wohnwagen - Sannes Familiecamping","description":"Preise f\u00fcr die Anmietung eines Wohnwagens auf dem Campingplatz Sannes Familiecamping","robots":{"index":"index","follow":"follow","max-snippet":"max-snippet:-1","max-image-preview":"max-image-preview:large","max-video-preview":"max-video-preview:-1"},"canonical":"https:\/\/www.familiecamping.dk\/de\/praktisch\/preise\/wohnwagenvermietung\/","og_locale":"de_DE","og_type":"article","og_title":"Priser - Leje af campingvogn p\u00e5 campingpladsen - Sannes Familiecamping","og_description":"Prisliste for leje af campingvogn p\u00e5 campingpladsen hos Sannes Familiecamping ved Gudhjem p\u00e5 Bornholm - gratis adgang til badeland, legeplads og trampoliner.","og_url":"https:\/\/www.familiecamping.dk\/de\/praktisch\/preise\/wohnwagenvermietung\/","og_site_name":"Sannes Familiecamping","article_publisher":"https:\/\/www.facebook.com\/sannes.familiecamping\/","article_modified_time":"2024-02-01T15:33:35+00:00","og_image":[{"width":952,"height":800,"url":"https:\/\/www.familiecamping.dk\/wp-content\/uploads\/2020\/10\/weekend_img_2.jpg","type":"image\/jpeg"}],"twitter_card":"summary_large_image","twitter_title":"Priser - Leje af campingvogn p\u00e5 campingpladsen - Sannes Familiecamping","twitter_description":"Prisliste for leje af campingvogn p\u00e5 campingpladsen hos Sannes Familiecamping ved Gudhjem p\u00e5 Bornholm - gratis adgang til badeland, legeplads og trampoliner.","twitter_image":"https:\/\/www.familiecamping.dk\/wp-content\/uploads\/2020\/10\/weekend_img_2.jpg","schema":{"@context":"https:\/\/schema.org","@graph":[{"@type":"WebPage","@id":"https:\/\/www.familiecamping.dk\/de\/praktisch\/preise\/wohnwagenvermietung\/","url":"https:\/\/www.familiecamping.dk\/de\/praktisch\/preise\/wohnwagenvermietung\/","name":"Mietpreise f\u00fcr Wohnwagen - Sannes Familiecamping","isPartOf":{"@id":"https:\/\/www.familiecamping.dk\/de\/#website"},"datePublished":"2020-10-26T11:26:05+00:00","dateModified":"2024-02-01T15:33:35+00:00","description":"Preise f\u00fcr die Anmietung eines Wohnwagens auf dem Campingplatz Sannes Familiecamping","breadcrumb":{"@id":"https:\/\/www.familiecamping.dk\/de\/praktisch\/preise\/wohnwagenvermietung\/#breadcrumb"},"inLanguage":"de-DE","potentialAction":[{"@type":"ReadAction","target":["https:\/\/www.familiecamping.dk\/de\/praktisch\/preise\/wohnwagenvermietung\/"]}]},{"@type":"BreadcrumbList","@id":"https:\/\/www.familiecamping.dk\/de\/praktisch\/preise\/wohnwagenvermietung\/#breadcrumb","itemListElement":[{"@type":"ListItem","position":1,"name":"Home","item":"https:\/\/www.familiecamping.dk\/de\/"},{"@type":"ListItem","position":2,"name":"Praktisch","item":"https:\/\/www.familiecamping.dk\/de\/praktisch\/"},{"@type":"ListItem","position":3,"name":"Preise","item":"https:\/\/www.familiecamping.dk\/de\/praktisch\/preise\/"},{"@type":"ListItem","position":4,"name":"Mietpreise f\u00fcr Wohnwagen"}]},{"@type":"WebSite","@id":"https:\/\/www.familiecamping.dk\/de\/#website","url":"https:\/\/www.familiecamping.dk\/de\/","name":"Sannes Familiecamping","description":"5-stjernet camping p\u00e5 Bornholm","publisher":{"@id":"https:\/\/www.familiecamping.dk\/de\/#organization"},"potentialAction":[{"@type":"SearchAction","target":{"@type":"EntryPoint","urlTemplate":"https:\/\/www.familiecamping.dk\/de\/?s={search_term_string}"},"query-input":{"@type":"PropertyValueSpecification","valueRequired":true,"valueName":"search_term_string"}}],"inLanguage":"de-DE"},{"@type":"Organization","@id":"https:\/\/www.familiecamping.dk\/de\/#organization","name":"Sannes Familiecamping","url":"https:\/\/www.familiecamping.dk\/de\/","logo":{"@type":"ImageObject","inLanguage":"de-DE","@id":"https:\/\/www.familiecamping.dk\/de\/#\/schema\/logo\/image\/","url":"https:\/\/www.familiecamping.dk\/wp-content\/uploads\/2020\/12\/Sannes-Familiecamping-logo.png","contentUrl":"https:\/\/www.familiecamping.dk\/wp-content\/uploads\/2020\/12\/Sannes-Familiecamping-logo.png","width":400,"height":162,"caption":"Sannes Familiecamping"},"image":{"@id":"https:\/\/www.familiecamping.dk\/de\/#\/schema\/logo\/image\/"},"sameAs":["https:\/\/www.facebook.com\/sannes.familiecamping\/","https:\/\/www.instagram.com\/sannesfamiliecamping\/","https:\/\/www.youtube.com\/channel\/UC-d7yvOm8P8LGGGTQmaOkdg"]}]}},"_links":{"self":[{"href":"https:\/\/www.familiecamping.dk\/de\/wp-json\/wp\/v2\/pages\/5662","targetHints":{"allow":["GET"]}}],"collection":[{"href":"https:\/\/www.familiecamping.dk\/de\/wp-json\/wp\/v2\/pages"}],"about":[{"href":"https:\/\/www.familiecamping.dk\/de\/wp-json\/wp\/v2\/types\/page"}],"author":[{"embeddable":true,"href":"https:\/\/www.familiecamping.dk\/de\/wp-json\/wp\/v2\/users\/3"}],"replies":[{"embeddable":true,"href":"https:\/\/www.familiecamping.dk\/de\/wp-json\/wp\/v2\/comments?post=5662"}],"version-history":[{"count":0,"href":"https:\/\/www.familiecamping.dk\/de\/wp-json\/wp\/v2\/pages\/5662\/revisions"}],"up":[{"embeddable":true,"href":"https:\/\/www.familiecamping.dk\/de\/wp-json\/wp\/v2\/pages\/5590"}],"wp:attachment":[{"href":"https:\/\/www.familiecamping.dk\/de\/wp-json\/wp\/v2\/media?parent=5662"}],"curies":[{"name":"wp","href":"https:\/\/api.w.org\/{rel}","templated":true}]}}